{"id":32,"date":"2022-05-16T16:03:16","date_gmt":"2022-05-16T16:03:16","guid":{"rendered":"https:\/\/artrol.com\/?page_id=32"},"modified":"2022-05-19T16:49:10","modified_gmt":"2022-05-19T16:49:10","slug":"bois","status":"publish","type":"page","link":"https:\/\/artrol.com\/?page_id=32","title":{"rendered":"BOIS"},"content":{"rendered":"\n<p>J&rsquo;aime la chaleur du bois, son odeur, son histoire, il accompagne l&rsquo;homme depuis qu&rsquo;il existe, pour le nourrir avec ses fruits, pour construire ses maisons, pour fabriquer ses outils et surtout pour respirer.<\/p>\n\n\n\n<p>Le travail du bois, c&rsquo;est la rencontre avec une mati\u00e8re vivante.<\/p>\n\n\n\n<p>Chaque essence d&rsquo;arbre a ses particularit\u00e9s, le ch\u00eane pour les poutres, le fr\u00eane pour fabriquer des manches d&rsquo;outils, le ch\u00e2taigner pour sa r\u00e9sistance \u00e0 l&rsquo;humidit\u00e9, l&rsquo;if pour sa flexibilit\u00e9 &#8230;. <\/p>\n\n\n\n<p><\/p>\n","protected":false},"excerpt":{"rendered":"<p>J&rsquo;aime la chaleur du bois, son odeur, son histoire, il accompagne l&rsquo;homme depuis qu&rsquo;il existe, pour le nourrir avec ses fruits, pour construire ses maisons, pour fabriquer ses outils et surtout pour respirer. Le travail du bois, c&rsquo;est la rencontre avec une mati\u00e8re vivante. Chaque essence d&rsquo;arbre a ses particularit\u00e9s, le ch\u00eane pour les poutres, &hellip; <\/p>\n<p class=\"link-more\"><a href=\"https:\/\/artrol.com\/?page_id=32\" class=\"more-link\">Continuer la lecture<span class=\"screen-reader-text\"> de &laquo;&nbsp;BOIS&nbsp;&raquo;<\/span><\/a><\/p>\n","protected":false},"author":1,"featured_media":81,"parent":0,"menu_order":0,"comment_status":"closed","ping_status":"closed","template":"","meta":{"footnotes":""},"_links":{"self":[{"href":"https:\/\/artrol.com\/index.php?rest_route=\/wp\/v2\/pages\/32"}],"collection":[{"href":"https:\/\/artrol.com\/index.php?rest_route=\/wp\/v2\/pages"}],"about":[{"href":"https:\/\/artrol.com\/index.php?rest_route=\/wp\/v2\/types\/page"}],"author":[{"embeddable":true,"href":"https:\/\/artrol.com\/index.php?rest_route=\/wp\/v2\/users\/1"}],"replies":[{"embeddable":true,"href":"https:\/\/artrol.com\/index.php?rest_route=%2Fwp%2Fv2%2Fcomments&post=32"}],"version-history":[{"count":9,"href":"https:\/\/artrol.com\/index.php?rest_route=\/wp\/v2\/pages\/32\/revisions"}],"predecessor-version":[{"id":106,"href":"https:\/\/artrol.com\/index.php?rest_route=\/wp\/v2\/pages\/32\/revisions\/106"}],"wp:featuredmedia":[{"embeddable":true,"href":"https:\/\/artrol.com\/index.php?rest_route=\/wp\/v2\/media\/81"}],"wp:attachment":[{"href":"https:\/\/artrol.com\/index.php?rest_route=%2Fwp%2Fv2%2Fmedia&parent=32"}],"curies":[{"name":"wp","href":"https:\/\/api.w.org\/{rel}","templated":true}]}}