{"id":37,"date":"2022-05-16T16:06:50","date_gmt":"2022-05-16T16:06:50","guid":{"rendered":"https:\/\/artrol.com\/?page_id=37"},"modified":"2022-05-19T16:43:39","modified_gmt":"2022-05-19T16:43:39","slug":"accueil","status":"publish","type":"page","link":"https:\/\/artrol.com\/","title":{"rendered":"ACCUEIL"},"content":{"rendered":"\n<p>Passionn\u00e9 par le bois, l&rsquo;acier, l&rsquo;argile et autres mat\u00e9riaux bruts, j&rsquo;aime laisser libre cours \u00e0 mon imagination pour mes cr\u00e9ations.<\/p>\n\n\n\n<p>Depuis l&rsquo;\u00e9cole nous sommes amen\u00e9s peu \u00e0 peu \u00e0 d\u00e9laisser tout ce qu\u2019on faisait \u00ab avec ses mains \u00bb de fa\u00e7on naturelle au profit d\u2019activit\u00e9s intellectuelles.<\/p>\n\n\n\n<p>Pourtant les artistes, les bricoleurs, les jardiniers et bien d&rsquo;autres savent que les mouvements de la pens\u00e9e prennent forme et mat\u00e9rialit\u00e9 gr\u00e2ce aux gestes de la main. <\/p>\n\n\n\n<p>Cr\u00e9er de ses mains am\u00e9liore la sant\u00e9 cognitive et la concentration. \u00c0 l\u2019\u00e8re des \u00e9crans et du virtuel, le contact avec la mati\u00e8re brut ou vivante est devenu un vrai besoin.<\/p>\n\n\n\n<p>Je vous pr\u00e9sente donc sur ce site quelques une de mes r\u00e9alisations et vous invites \u00e0 me contacter si cela vous int\u00e9resse.<\/p>\n\n\n\n<p><\/p>\n","protected":false},"excerpt":{"rendered":"<p>Passionn\u00e9 par le bois, l&rsquo;acier, l&rsquo;argile et autres mat\u00e9riaux bruts, j&rsquo;aime laisser libre cours \u00e0 mon imagination pour mes cr\u00e9ations. Depuis l&rsquo;\u00e9cole nous sommes amen\u00e9s peu \u00e0 peu \u00e0 d\u00e9laisser tout ce qu\u2019on faisait \u00ab avec ses mains \u00bb de fa\u00e7on naturelle au profit d\u2019activit\u00e9s intellectuelles. Pourtant les artistes, les bricoleurs, les jardiniers et bien &hellip; <\/p>\n<p class=\"link-more\"><a href=\"https:\/\/artrol.com\/\" class=\"more-link\">Continuer la lecture<span class=\"screen-reader-text\"> de &laquo;&nbsp;ACCUEIL&nbsp;&raquo;<\/span><\/a><\/p>\n","protected":false},"author":1,"featured_media":0,"parent":0,"menu_order":0,"comment_status":"closed","ping_status":"closed","template":"","meta":{"footnotes":""},"_links":{"self":[{"href":"https:\/\/artrol.com\/index.php?rest_route=\/wp\/v2\/pages\/37"}],"collection":[{"href":"https:\/\/artrol.com\/index.php?rest_route=\/wp\/v2\/pages"}],"about":[{"href":"https:\/\/artrol.com\/index.php?rest_route=\/wp\/v2\/types\/page"}],"author":[{"embeddable":true,"href":"https:\/\/artrol.com\/index.php?rest_route=\/wp\/v2\/users\/1"}],"replies":[{"embeddable":true,"href":"https:\/\/artrol.com\/index.php?rest_route=%2Fwp%2Fv2%2Fcomments&post=37"}],"version-history":[{"count":10,"href":"https:\/\/artrol.com\/index.php?rest_route=\/wp\/v2\/pages\/37\/revisions"}],"predecessor-version":[{"id":103,"href":"https:\/\/artrol.com\/index.php?rest_route=\/wp\/v2\/pages\/37\/revisions\/103"}],"wp:attachment":[{"href":"https:\/\/artrol.com\/index.php?rest_route=%2Fwp%2Fv2%2Fmedia&parent=37"}],"curies":[{"name":"wp","href":"https:\/\/api.w.org\/{rel}","templated":true}]}}