{"id":69,"date":"2022-05-18T08:58:15","date_gmt":"2022-05-18T08:58:15","guid":{"rendered":"https:\/\/artrol.com\/?page_id=69"},"modified":"2022-05-18T17:32:13","modified_gmt":"2022-05-18T17:32:13","slug":"haches-2","status":"publish","type":"page","link":"https:\/\/artrol.com\/?page_id=69","title":{"rendered":"HACHES"},"content":{"rendered":"\n<p>L&rsquo;histoire m&rsquo;a toujours int\u00e9ress\u00e9, particuli\u00e8rement le moyen-\u00e2ge avec ses combats \u00e9piques \u00e0 l&rsquo;arme blanche et ses f\u00e9roces guerriers.<\/p>\n\n\n\n<p>J&rsquo;ai ainsi pu voyager dans l&rsquo;histoire en travaillant sur ces haches inspir\u00e9s de l&rsquo;art viking et celtes.<\/p>\n","protected":false},"excerpt":{"rendered":"<p>L&rsquo;histoire m&rsquo;a toujours int\u00e9ress\u00e9, particuli\u00e8rement le moyen-\u00e2ge avec ses combats \u00e9piques \u00e0 l&rsquo;arme blanche et ses f\u00e9roces guerriers. J&rsquo;ai ainsi pu voyager dans l&rsquo;histoire en travaillant sur ces haches inspir\u00e9s de l&rsquo;art viking et celtes.<\/p>\n","protected":false},"author":1,"featured_media":0,"parent":0,"menu_order":0,"comment_status":"closed","ping_status":"closed","template":"","meta":{"footnotes":""},"_links":{"self":[{"href":"https:\/\/artrol.com\/index.php?rest_route=\/wp\/v2\/pages\/69"}],"collection":[{"href":"https:\/\/artrol.com\/index.php?rest_route=\/wp\/v2\/pages"}],"about":[{"href":"https:\/\/artrol.com\/index.php?rest_route=\/wp\/v2\/types\/page"}],"author":[{"embeddable":true,"href":"https:\/\/artrol.com\/index.php?rest_route=\/wp\/v2\/users\/1"}],"replies":[{"embeddable":true,"href":"https:\/\/artrol.com\/index.php?rest_route=%2Fwp%2Fv2%2Fcomments&post=69"}],"version-history":[{"count":4,"href":"https:\/\/artrol.com\/index.php?rest_route=\/wp\/v2\/pages\/69\/revisions"}],"predecessor-version":[{"id":83,"href":"https:\/\/artrol.com\/index.php?rest_route=\/wp\/v2\/pages\/69\/revisions\/83"}],"wp:attachment":[{"href":"https:\/\/artrol.com\/index.php?rest_route=%2Fwp%2Fv2%2Fmedia&parent=69"}],"curies":[{"name":"wp","href":"https:\/\/api.w.org\/{rel}","templated":true}]}}